{"id":49,"date":"2019-11-24T18:03:58","date_gmt":"2019-11-24T17:03:58","guid":{"rendered":"http:\/\/beta.bilaz.si\/?page_id=49"},"modified":"2019-11-24T18:03:59","modified_gmt":"2019-11-24T17:03:59","slug":"servis","status":"publish","type":"page","link":"https:\/\/www.bilaz.si\/index.php\/servis\/","title":{"rendered":"Servis"},"content":{"rendered":"\n<p class=\"has-text-align-left\">\n\nServis in vzdr\u017eevanje ra\u010dunalnikov, tiskalnikov, omre\u017ene opreme je del vsakdana. Dolgoletne izku\u0161nje in nadgrajevanje znanja( ve\u010d kot 20 let) so nas pripeljale do potrebnih izku\u0161enj. Potrebe po nemotenem delovanju in stabilnem okolju je \u017ee nuja. Ni \u010dasa za \u010dakanje in na pol narejeno delo. Zato smo vam na voljo. Da bo vas \u010das imel smisel, da bo delo strokovno opravljeno! Za to so potrebne dolgoletne izku\u0161nje in garancija na opravljeno delo. Da, dobili ste prav servis za vas. Hitro in strokovno popravilo za podjetja in posameznike, za zahtevne in manj zahtevne stranke! Ponujamo vam POMO\u010c NA DALJAVO. Na tak na\u010din, lahko re\u0161imo te\u017eave brez zamudnega \u010dakanja ali prena\u0161anja ra\u010dunalni\u0161ke opreme na servis.&nbsp;<br>Servis zajema re\u0161evanje te\u017eav z opremo in programsko opremo. Menjave diskov, spominov, grafi\u010dnih kartic, zaslonov, Windows ali OSx napak ( zagonskih, v delovanju, programskih,&#8230;).&nbsp;<br>varnosti ni nikoli dovolj, zatorej anti virusna oprema in rezervno kopiranje naj vam bo osnova. Da, tudi za to vam bomo svetovali. Da bo va\u0161e delo ne le opravljeno ampak tudi za\u0161\u010diteno!<\/p>\n\n\n\n<p>Nudimo vam kompleten servis ra\u010dunalni\u0161ke opreme:<\/p>\n\n\n\n<p>RA\u010cUNALNIKI<br>&#8211; namizni ra\u010dunalniki<br>&#8211;&nbsp;prenosni ra\u010dunalniki<br>&#8211; blagajni\u0161ki ra\u010dunalniki<\/p>\n\n\n\n<p>TISKALNIKI<br>&#8211; tiskalniki laserski (A4, A3, multifunkcijski)<br>&#8211; \u010drnilniki ( ink-jet)<br>&#8211; blagajni\u0161ki tiskalniki<\/p>\n\n\n\n<p>OMRE\u017dJE<br>&#8211; ruterji (usmerjevalniki)<br>&#8211; swtichi (stikala)<br>&#8211; dostopne to\u010dke (AP)\n\n<\/p>\n","protected":false},"excerpt":{"rendered":"<p>Servis in vzdr\u017eevanje ra\u010dunalnikov, tiskalnikov, omre\u017ene opreme je del vsakdana. Dolgoletne izku\u0161nje in nadgrajevanje znanja( ve\u010d kot 20 let) so nas pripeljale do potrebnih izku\u0161enj. Potrebe po nemotenem delovanju in stabilnem okolju je \u017ee nuja. Ni \u010dasa za \u010dakanje in na pol narejeno delo. Zato smo vam na voljo. Da bo vas \u010das imel smisel, [&hellip;]<\/p>\n","protected":false},"author":1,"featured_media":0,"parent":0,"menu_order":0,"comment_status":"closed","ping_status":"closed","template":"","meta":{"footnotes":""},"class_list":["post-49","page","type-page","status-publish","hentry"],"_links":{"self":[{"href":"https:\/\/www.bilaz.si\/index.php\/wp-json\/wp\/v2\/pages\/49","targetHints":{"allow":["GET"]}}],"collection":[{"href":"https:\/\/www.bilaz.si\/index.php\/wp-json\/wp\/v2\/pages"}],"about":[{"href":"https:\/\/www.bilaz.si\/index.php\/wp-json\/wp\/v2\/types\/page"}],"author":[{"embeddable":true,"href":"https:\/\/www.bilaz.si\/index.php\/wp-json\/wp\/v2\/users\/1"}],"replies":[{"embeddable":true,"href":"https:\/\/www.bilaz.si\/index.php\/wp-json\/wp\/v2\/comments?post=49"}],"version-history":[{"count":1,"href":"https:\/\/www.bilaz.si\/index.php\/wp-json\/wp\/v2\/pages\/49\/revisions"}],"predecessor-version":[{"id":50,"href":"https:\/\/www.bilaz.si\/index.php\/wp-json\/wp\/v2\/pages\/49\/revisions\/50"}],"wp:attachment":[{"href":"https:\/\/www.bilaz.si\/index.php\/wp-json\/wp\/v2\/media?parent=49"}],"curies":[{"name":"wp","href":"https:\/\/api.w.org\/{rel}","templated":true}]}}